{"id":1515,"date":"2017-06-11T15:58:13","date_gmt":"2017-06-11T13:58:13","guid":{"rendered":"http:\/\/www.sophia-aeternaleiden.nl\/?page_id=1515"},"modified":"2024-06-18T15:05:18","modified_gmt":"2024-06-18T13:05:18","slug":"index-s","status":"publish","type":"page","link":"https:\/\/www.sophia-aeternaleiden.nl\/en\/index-s","title":{"rendered":"Index S"},"content":{"rendered":"<h1 style=\"text-align: center;\"><strong>Index op auteur<\/strong><\/h1>\n<p style=\"text-align: center;\">&#8211; <a class=\"sidebarlink\" href=\"http:\/\/www.sophia-aeternaleiden.nl\/index-a\">a<\/a> &#8211; <a class=\"sidebarlink\" href=\"http:\/\/www.sophia-aeternaleiden.nl\/index-b\">b<\/a> &#8211; <a class=\"sidebarlink\" href=\"http:\/\/www.sophia-aeternaleiden.nl\/index-c\">c<\/a> &#8211; <a class=\"sidebarlink\" href=\"http:\/\/www.sophia-aeternaleiden.nl\/index-d\">d<\/a> &#8211; <a class=\"sidebarlink\" href=\"http:\/\/www.sophia-aeternaleiden.nl\/index-e\">e<\/a> &#8211; <a class=\"sidebarlink\" href=\"http:\/\/www.sophia-aeternaleiden.nl\/index-f\">f<\/a> &#8211; <a class=\"sidebarlink\" href=\"http:\/\/www.sophia-aeternaleiden.nl\/index-g\">g<\/a> &#8211; <a class=\"sidebarlink\" href=\"http:\/\/www.sophia-aeternaleiden.nl\/index-h\">h<\/a> &#8211; <a class=\"sidebarlink\" href=\"http:\/\/www.sophia-aeternaleiden.nl\/index-i\">i<\/a> &#8211; <a class=\"sidebarlink\" href=\"http:\/\/www.sophia-aeternaleiden.nl\/index-j\">j<\/a> &#8211;<br \/>\n&#8211; <a class=\"sidebarlink\" href=\"http:\/\/www.sophia-aeternaleiden.nl\/index-k\">k<\/a> &#8211; <a class=\"sidebarlink\" href=\"http:\/\/www.sophia-aeternaleiden.nl\/index-l\">l<\/a> &#8211; <a class=\"sidebarlink\" href=\"http:\/\/www.sophia-aeternaleiden.nl\/index-m\">m<\/a> &#8211; <a class=\"sidebarlink\" href=\"http:\/\/www.sophia-aeternaleiden.nl\/index-n\">n<\/a> &#8211; <a class=\"sidebarlink\" href=\"http:\/\/www.sophia-aeternaleiden.nl\/index-o\">o<\/a> &#8211; <a class=\"sidebarlink\" href=\"http:\/\/www.sophia-aeternaleiden.nl\/index-p\">p<\/a> &#8211; <a class=\"sidebarlink\" href=\"http:\/\/www.sophia-aeternaleiden.nl\/index-q\">q<\/a> &#8211; <a class=\"sidebarlink\" href=\"http:\/\/www.sophia-aeternaleiden.nl\/index-r\">r<\/a> &#8211; <a class=\"sidebarlink\" href=\"http:\/\/www.sophia-aeternaleiden.nl\/index-s\">s<\/a> &#8211;<br \/>\n&#8211; <a class=\"sidebarlink\" href=\"http:\/\/www.sophia-aeternaleiden.nl\/index-t\">t<\/a> &#8211; <a class=\"sidebarlink\" href=\"http:\/\/www.sophia-aeternaleiden.nl\/index-u\">u<\/a> &#8211; <a class=\"sidebarlink\" href=\"http:\/\/www.sophia-aeternaleiden.nl\/index-v\">v<\/a> &#8211; <a class=\"sidebarlink\" href=\"http:\/\/www.sophia-aeternaleiden.nl\/index-w\">w<\/a> &#8211; <a class=\"sidebarlink\" href=\"http:\/\/www.sophia-aeternaleiden.nl\/index-z\">x<\/a> &#8211; <a class=\"sidebarlink\" href=\"http:\/\/www.sophia-aeternaleiden.nl\/index-z\">y<\/a> &#8211; <a class=\"sidebarlink\" href=\"http:\/\/www.sophia-aeternaleiden.nl\/index-z\">z<\/a>\u00a0&#8211;<\/p>\n<p style=\"text-align: center;\"><strong>-S-<\/strong><\/p>\n<p><strong>Saldi\u00ebn<\/strong>, Lodewijk, \u2018Opvoering van Horatius&#8217; Ars Poetica\u2019, jaargang 21.4, 34.<\/p>\n<p><strong>Salm<\/strong>, Niels van der, \u2018Borrelpraat\u2019, jaargang 37.3, 5-7.<\/p>\n<p>&#8212;&#8212; \u2018Borrelpraat\u2019, jaargang 37.4, 21-24.<\/p>\n<p>&#8212;&#8212; \u2018Borrelpraat\u2019, jaargang 37.5, 42-44.<\/p>\n<p>&#8212;&#8212; \u2018Borrelpraat\u2019, jaargang 38.1, 30-31.<\/p>\n<p>&#8212;&#8212; \u2018Borrelpraat\u2019, jaargang 38.2, 26-28.<\/p>\n<p>&#8212;&#8212; &#8216;Borrelpraat&#8217;, jaargang 39.5, 38-40.<\/p>\n<p>&#8212;&#8212; \u2018Stampen en borrelen\u2019, jaargang 28.4, 22-24.<\/p>\n<p><strong>Santen<\/strong>, Vlo van, \u2018Leids Dagboek\u2019, jaargang 9.5, 33-37.<\/p>\n<p><strong>Schaeps<\/strong>, Jef, \u2018Een schoorvoetende doorbraak. De klassieke bouwkunst en de Lage Landen\u2019, jaargang 41.2, 59-63.<\/p>\n<p><strong>Schaik<\/strong>, Anne van \u2018De mytholoog Lucianus\u2019, jaargang 36.3, 8-11.<\/p>\n<p>&#8212;&#8212; \u2018Het Collegium Classicum cui nomen M.F., jaargang 33.E, 20-21.<\/p>\n<p>&#8212;&#8212; \u2018Het Collegium Classicum cui nomen M.F., jaargang 34.E, 20-21.<\/p>\n<p>&#8212;&#8212; \u2018Lustrumaankondiging M.F., jaargang 33.3, 26.<\/p>\n<p><strong>Schenk<\/strong>, M.J., \u2018E.D.E.P.O.L.; De toekomst van de klassieke talen in het secundair onderwijs\u2019, jaargang 1.1, 21.<\/p>\n<p><strong>Schenk<\/strong>, Roger, \u2018Zuiver Wetenschappelijk (R.E.U.V.E.N.S.)\u2019, jaargang 6.2, 34-35.<\/p>\n<p><strong>Schiethart<\/strong>, Paul, \u2018Na de studie\u2019, jaargang 13.4, 34-37.<\/p>\n<p><strong>Schimmel<\/strong>, Hans, \u2018Rudi van der Paardt: betoverend kunstzinnig\u2019, jaargang 25.3, 100.<\/p>\n<p><strong>Schoonheim<\/strong>, Pieter, \u2018Crassus versus Bloomberg\u2019, jaargang 30.2, 5-6.<\/p>\n<p>&#8212;&#8212; \u2018De bibliotheek van het LSC\u2019, jaargang 27.4, 34-37.<\/p>\n<p>&#8212;&#8212; \u2018 \u201dDoodgaan is leuk\u201d \u2019, jaargang 30.3, 9-12.<\/p>\n<p>&#8212;&#8212; \u2018Een Plato van Zeeuwse bodem\u2019, jaargang 16.1, 12-15.<\/p>\n<p>&#8212;&#8212; \u2018George Steiner en Bolkenstein en zo\u2019, jaargang 25.5, 38-40.<\/p>\n<p>&#8212;&#8212; \u2018Grijs Haar op de Leeskamer Klassieken\/ Grey Hair at the Classics\u2019, jaargang 25.3, 130-132.<\/p>\n<p>&#8212;&#8212; \u2018Het Aristoteles-congres in Middelburg. Januari 2007\u2019, jaargang 27.2, 35-37.<\/p>\n<p>&#8212;&#8212; \u2018J. Ginsberg: antiquaar, en boekverkoper\u2019, jaargang 28.2, 20-24.<\/p>\n<p>&#8212;&#8212; \u2018Kan Wetenschap Ontroeren?\u2019, jaargang 25.4, 17-18.<\/p>\n<p>&#8212;&#8212; \u2018Smitskamp\u2019, jaargang 26.2, 15-19.<\/p>\n<p>&#8212;&#8212; \u2018Stad van boeken (recensie)\u2019, jaargang 28.2, 45-47.<\/p>\n<p>&#8212;&#8212; \u2018Voornamelijk in het weekend\u2026 zat ik op de UB, toen nog op het Rapenburg&#8217; Interview met Frans Stenten (1930)\u2019, jaargang 27.3, 32-35.<\/p>\n<p>&#8212;&#8212; \u2018Wie kent nu de BUMA?\u2019, jaargang 26.4, 32-35.<\/p>\n<p><strong>Schouten<\/strong>, Astrid, \u2018Leids Dagboek\u2019, jaargang 7.3, 4-9.<\/p>\n<p><strong>Schrijvers<\/strong>, P.H., \u2018Antieke Cultuur\u2019, jaargang 7.2, 14-23.<\/p>\n<p>&#8212;&#8212; \u2018Een reis naar Rome\u2019, jaargang 13.5, 38-43.<\/p>\n<p>&#8212;&#8212; \u2018Goethe (1); Spaarzame ontmoetingen met Goethe\u2019, jaargang 2.4, 10-12.<\/p>\n<p>&#8212;&#8212; \u2018Hugo de Groot\u2019, jaargang 3.5, 16-18.<\/p>\n<p>&#8212;&#8212; \u2018In den vreemde: Naar de Schotse hooglanden\u2019, jaargang 3.2, 14-15.<\/p>\n<p>&#8212;&#8212; \u2018Violon d&#8217;Ingres\u2019, jaargang 12.2, 44-50.<\/p>\n<p>&#8212;&#8212; \u2018Vreemd ijlt geluk voorbij oneindig missen\u2019, jaargang 21.1, 98-104.<\/p>\n<p>&#8212;&#8212; \u2018Wildgroei\u2019, jaargang 4.1, 38-40.<\/p>\n<p>&#8212;&#8212; \u2018Workshop Latijn\u2019, jaargang 17.3, 48.<\/p>\n<p>&#8212;&#8212; \u2018Reactie [op &#8216;Werkcollege Latijn&#8217;]\u2019, jaargang 5.5, 20-22.<\/p>\n<p><strong>Schuddeboom<\/strong>, Feyo L., \u2018Op zoek naar Ithaka\u2019, jaargang 16.5, 35-37.<\/p>\n<p>&#8212;&#8212; \u2018The Bacchic-Orphic Lamellae\u2019, jaargang 19.2, 18-23.<\/p>\n<p><strong>Schuitemakers<\/strong>, Lisette, \u2018Na de studie\u2019, jaargang 13.5, 9-11.<\/p>\n<p><strong>Schumm<\/strong>, Annemieke, \u2018Tweede fase\u2019, jaargang 9.2, 14-16.<\/p>\n<p><strong>Sectie Grieks<\/strong>, \u2018Begeleiding Lectuurpensum Grieks\u2019, jaargang 22.2, 19.<\/p>\n<p><strong>Sicking,<\/strong> C.M.J., \u2018Afscheid\u2019, jaargang 4.5, 6-7.<\/p>\n<p>&#8212;&#8212; \u2018Afscheid\u2019, jaargang 8.2, 11-12.<\/p>\n<p>&#8212;&#8212; \u2018De Minister, de Universiteiten en de &#8216;Klassieken Studi\u00ebn&#8217;\u2019, jaargang 14.3, 29-31.<\/p>\n<p>&#8212;&#8212; \u2018Geleerdencorrespondentie\u2019, jaargang 16.2, 43-52.<\/p>\n<p>&#8212;&#8212; \u2018Gesprek met Kees Stip\u2019, jaargang 15.4, 10-27.<\/p>\n<p>&#8212;&#8212; \u2018In Memoriam\u2019, jaargang 11.3, 5-9.<\/p>\n<p>&#8212;&#8212; \u2018In memoriam Dr. J.Th.M.F. Pieters\u2019, jaargang 15.4, 98-101.<\/p>\n<p>&#8212;&#8212; \u2018In memoriam J.H. Waszink\u2019, jaargang 15.4, 75-79.<\/p>\n<p>&#8212;&#8212; \u2018 &#8220;Intiem&#8221; \u2018, jaargang 12.1, 47-50.<\/p>\n<p>&#8212;&#8212; \u2018Priapea\u2019, jaargang 15.3, 53-55.<\/p>\n<p>&#8212;&#8212; \u2018Reactie [op &#8216;Werkcollege Grieks]\u2019, jaargang 5.3, 26-27.<\/p>\n<p>&#8212;&#8212; \u2018Violon d&#8217;Ingres\u2019, jaargang 11.3, 57-64.<\/p>\n<p><strong>Sicking<\/strong>, Floris Jan,\u00a0\u2018Marlein\u2019, jaargang 38.4, 49-50.<\/p>\n<p><strong>Sierag<\/strong>, Kirsten, en Miriam Vallinga, \u2018De wondere wereld der classici\u2019, jaargang 22.5, 40-42.<\/p>\n<p>&#8212;&#8212; en Miriam Vallinga, \u2018Groeten uit de TON\u2019, jaargang 25.2, 31-35.<\/p>\n<p>&#8212;&#8212; en Benjamin Koerselman, \u2018Interview met dr. Karl Enenkel\u2019, jaargang 23.3, 50-53.<\/p>\n<p>&#8212;&#8212; \u2018Oproep voor Lucretius liefhebbers\u2019, jaargang 23.3, 9.<\/p>\n<p>&#8212;&#8212; \u2018Piramus en Thisbe\u2019, jaargang 23.2, 31.<\/p>\n<p><strong>Sighem<\/strong>, Ard van, en Janneke Metz, \u2018Pregnantia\u2019, jaargang 15.3, 7-8.<\/p>\n<p><strong>Silverentand<\/strong>, Paul, \u2018Amateuristisch\u2019, jaargang 10.5, 37-38.<\/p>\n<p>&#8212;&#8212; \u2018Dispuut: E.D.E.P.O.L.\u2019, jaargang 10.2, 15.<\/p>\n<p>&#8212;&#8212; \u2018Lustrum: E.D.E.P.O.L.\u2019, jaargang 11.1, 41.<\/p>\n<p>&#8212;&#8212; \u2018Theatraal\u2019, jaargang 11.4, 46-48.<\/p>\n<p><strong>Simons<\/strong>, Michiel, \u2018Klassiek geba(bbe)l\u2019, jaargang 13.2, 31-32.<\/p>\n<p>&#8212;&#8212; \u2018Roze Relaas\u2019, jaargang 13.5, 24-27.<\/p>\n<p>&#8212;&#8212; \u2018 &#8221; Wij zorgen ervoor&#8221; \u2018, jaargang 16.2, 17-22.<\/p>\n<p><strong>Singor<\/strong>, Henk, \u2018Antieke nederlagen\u2019, jaargang 29.3, 13-19.<\/p>\n<p><strong>Slaghuis<\/strong>, Jasper, \u2018Naast de studie\u2019, jaargang 17.1, 9-11.<\/p>\n<p><strong>Slegtenhorst<\/strong>, Nienke, Erik-Jan Dros en Thom van Leuveren, \u201cBeter sport met Latijn dan sport zonder Latijn\u201d, jaargang 37.2, 11-14.<\/p>\n<p>&#8212;&#8212;\u00a0\u2018Frons over cultuur: Jacques Meerman, Kleine geschiedenis van de Nederlandse keuken\u00a0\u00a0 \u2018, jaargang 38.3, 25.<\/p>\n<p>&#8212;&#8212;, Thom van Leuveren en Perry Nicolaas, &#8220;Kijk ons eens goed zijn met onze klassieke idealen!&#8221;, jaargang 38.1, 11-14.<\/p>\n<p>&#8212;&#8212; \u2018Varia Columna: Sinterklaas, wie kent hem niet?\u2019, jaargang 38.2, 15.<\/p>\n<p><strong>Slijkhuis<\/strong>, Ivo, \u2018 \u201cProcedure\u201d van Harry Mulisch\u2019, jaargang 18.4, 20-25.<\/p>\n<p>&#8212;&#8212; \u2018Gedicht\u2019, jaargang 19.3, 32.<\/p>\n<p><strong>Slootmans<\/strong>, Marina, \u2018Mededeling\u2019, jaargang 12.1, 44.<\/p>\n<p><strong>Slotboom<\/strong>, E.R., \u2018WP + (SA:2)!\u2019, jaargang 2.3, 14-16.<\/p>\n<p><strong>Sluiter<\/strong>, Ineke, \u2018De opvolgster van Sicking\u2019, jaargang 20.2, 59-61.<\/p>\n<p>&#8212;&#8212;\u00a0\u2018Doen we het goed, mevrouw Van Raalte\u2019, jaargang 38.4, 16-17.<\/p>\n<p>&#8212;&#8212; \u2018Niets bijzonders\u2019, jaargang 21.1, 52-53.<\/p>\n<p><strong>Smit<\/strong>, Bosco, \u2018Docentenleven\u2019, jaargang 16.2, 52-54.<\/p>\n<p>&#8212;&#8212; \u2018Na de studie\u2019, jaargang 11.3, 72-74.<\/p>\n<p>&#8212;&#8212; \u2018Scriptie\u2019, jaargang 10.3, 81-83.<\/p>\n<p>&#8212;&#8212; \u2018Vakdidactiek\u2019, jaargang 5.5, 23-26.<\/p>\n<p><strong>Smit<\/strong>, Jaap, \u2018Archipoeta\u2019, jaargang 22.3, 13-19.<\/p>\n<p>&#8212;&#8212; \u2018Archipoeta (vervolg)\u2019, jaargang 22.1, 48-51.<\/p>\n<p>&#8212;&#8212; \u2018De Jonasbiecht van de Archipoeta\u2019, jaargang 20.3, 38-43.<\/p>\n<p>&#8212;&#8212; \u2018Een hymne voor de keizer?\u2019, jaargang 21.5, 24-30.<\/p>\n<p>&#8212;&#8212; \u2018Grootvader en kleinkinderen\u2019, jaargang 19.4, 20.<\/p>\n<p><strong>Smit<\/strong>, Rolf, en Marc de Hoon, \u2018Schaaknieuws\u2019, jaargang 1.3, 23.<\/p>\n<p>&#8212;&#8212; \u2018Schaaknieuws\u2019, jaargang 1.2, 11.<\/p>\n<p><strong>Smith<\/strong>, Jeroen, \u2018Scriptie\u2019, jaargang 8.5, 37-39.<\/p>\n<p><strong>Smits<\/strong>, Joop, \u2018Lydia\u2019, jaargang 8.1, 25-31.<\/p>\n<p><strong>Smits<\/strong>, Nynke, \u2018Twee Fasen?\u2019, jaargang 1.4, 21-25.<\/p>\n<p>&#8212;&#8212; \u2018Twee Fasen?\u2019, jaargang 2.1, 9-13.<\/p>\n<p><strong>Smits<\/strong>, Peter, \u2018Breng Achilles weer tot leven!\u2019, jaargang 37.1, 5-6.<\/p>\n<p>&#8212;&#8212; &#8216;Herodotus, Oz, en het pleidooi voor wat meer nieuwsgierigheid&#8217;, jaargang 39.3, 5-7.<\/p>\n<p>&#8212;&#8212; &#8216;Het vuur van de Menora&#8217;, jaargang 40.2, 22-25.<\/p>\n<p>&#8212;&#8212; \u2018Romeins Nederland\u2019, jaargang 37.2, 15-16.<\/p>\n<p>&#8212;&#8212; \u2018Thierry en de Valkuilen van de Geschiedenis\u2019, jaargang 38.2, 12-14.<\/p>\n<p>&#8212;&#8212; &#8216;Twee gedichten&#8217;, jaargang 39.4, 22.<\/p>\n<p><strong>Smoolenaars<\/strong>, J.J.L., \u2018Dag oude Sileen\u2019, jaargang 21.1, 54-57.<\/p>\n<p><strong>Smulders<\/strong>, Germaine, \u2018SOK\u2019, jaargang 8.2, 47.<\/p>\n<p>&#8212;&#8212;, Marleen Funnekotter, Marjolein Hoekstra, Risto van Peursen en Frank Zeven, \u2018Subfaculteitsraadverkiezingen\u2019, jaargang 6.5, 37.<\/p>\n<p><strong>Snoeij<\/strong>, Wiebe, \u2018De Griekse 1- en 2-euromunt\u2019, jaargang 44.2, 5-8.<\/p>\n<p>&#8212;&#8212; \u2018<em>Inter spem et metum<\/em>\u2019, jaargang 41.2, 142-146.<\/p>\n<p>&#8212;&#8212; en Manon Junggeburt &#8216;(SP)LIT&#8217;, jaargang 40.1, 12-14.<\/p>\n<p>&#8212;&#8212; &#8216;Frons over cultuur: Dros E.J. et al. (eds.), Van Kikkers tot kindermoord. 35 jaar toneel door Leidse classici&#8217;, jaargang 41.1, 23.<\/p>\n<p>&#8212;&#8212; \u2018Traiano Optimo Principi. De dativus in de keizernaam op munten van Trajanus en Hadrianus\u2019, jaargang 42.S, 28-31.<\/p>\n<p>&#8212;&#8212; \u2018Voorwoord\u2019, jaargang 42.3, 3-4.<\/p>\n<p><strong>Snoo<\/strong>, Fleur de, en Jo\u00eblle Bosscher, \u2018Ad Romam. Van \u201cnaaktslakken\u201d naar \u201ceigenwijze schapen\u201d \u2018, jaargang 26.3, 15-21.<\/p>\n<p>&#8212;&#8212; \u2018De ervaringen van Fleur de Snoo\u2019, jaargang 28.E, 45.<\/p>\n<p>&#8212;&#8212; \u2018Nieuwe namen nodig bij Klassieke vertalers\u2019, jaargang 26.2, 20-22.<\/p>\n<p>&#8212;&#8212; \u2018 &#8220;Uren bezig met \u00e9\u00e9n zo&#8217;n rotwoordje&#8221; \u2018, jaargang 26.2, 37-39.<\/p>\n<p><strong>Soerink<\/strong>, J\u00f6rn, \u2018Petronius&#8217; Bellum civile en rebellare\u2019, jaargang 32.2, 6-10.<\/p>\n<p><strong>Sombroek<\/strong>, Floor,\u00a0\u2018Een kijkje in het studentenleven in St Andrews\u2019, jaargang 38.2, 9-11.<\/p>\n<p><strong>Somers<\/strong>, Elsa, en Kitty Weeren, \u2018Nieuw-Grieks\u2019, jaargang 4.4, 44.<\/p>\n<p>&#8212;&#8212; \u2018Nieuw-Grieks\u2019, jaargang 7.3, 22-23.<\/p>\n<p>&#8212;&#8212; \u2018Scriptie\u2019, jaargang 9.3, 39-44.<\/p>\n<p><strong>Spaans<\/strong>, Vera, \u2018Voor goede burgers toen en nu\u2019, jaargang 19.5, 26-29.<\/p>\n<p><strong>Speet<\/strong>, Fleur, \u2018De hedendaagse oudheid\u2019, jaargang 17.2, 4-9.<\/p>\n<p>&#8212;&#8212; \u2018De Muze van Verraad\u2019, jaargang 18.2, 11-16.<\/p>\n<p>&#8212;&#8212; \u2018Een alchimistische zee van vlammen\u2019, jaargang 17.3, 7-14.<\/p>\n<p>&#8212;&#8212; \u2018Een lichtvoetige herkenning\u2019, jaargang 17.4, 10-17.<\/p>\n<p>&#8212;&#8212; \u2018Romeinen en Grieken in het fin de si\u00e8cle\u2019, jaargang 17.1, 12-18.<\/p>\n<p>&#8212;&#8212; \u2018Ter introductie\u2019, jaargang 17.4, 77-78.<\/p>\n<p><strong>Spitteler<\/strong>, Jeroen, \u2018Verzen\u2019, jaargang 14.3, 22-25.<\/p>\n<p><strong>Splinter<\/strong>, H.A.M. van der, \u2018Stages (algemeen)\u2019, jaargang 10.3, 34-35.<\/p>\n<p><strong>Sterke<\/strong>, Edwin de, \u2018Beweging in Oude Muziek\u2019, jaargang 19.2, 38-45.<\/p>\n<p>&#8212;&#8212; \u2018De Achttiende van Utrecht\u2019, jaargang 19.4, 46-49.<\/p>\n<p>&#8212;&#8212; en Siward Tacoma, \u2018De dialectiek van de gekruisigde classicus\u2019, jaargang 21.1, 5-13.<\/p>\n<p>&#8212;&#8212; \u2018De lokroep van Vergilius\u2019, jaargang 21.1, 105-107.<\/p>\n<p>&#8212;&#8212; \u2018Een beetje vreemd\u2019, jaargang 21.5, 42-45.<\/p>\n<p>&#8212;&#8212; \u2018Een verband tussen Heraclitus en Nietzsche\u2019, jaargang 20.3, 26-37.<\/p>\n<p>&#8212;&#8212; \u2018FRONS kruipt uit het slop\u2019, jaargang 22.1, 13.<\/p>\n<p>&#8212;&#8212; \u2018Goden, gezang en gezanik\u2019, jaargang 20.1, 14-21.<\/p>\n<p>&#8212;&#8212; en Pieter den Hollander, \u2018Hoeveel Franse decadenten kan een mens verdragen?\u2019, jaargang 19.4, 24-27.<\/p>\n<p>&#8212;&#8212; \u2018Iphigeneia in Aulis\u2019, jaargang 18.3, 49-51.<\/p>\n<p>&#8212;&#8212; \u2018Koppen snellen\u2019, jaargang 18.4, 3-4.<\/p>\n<p>&#8212;&#8212; \u2018Koppen snellen\u2019, jaargang 19.2, 3.<\/p>\n<p>&#8212;&#8212; \u2018Koppen snellen\u2019, jaargang 20.1, 1.<\/p>\n<p>&#8212;&#8212; \u2018Muziekavond\u2019, jaargang 19.1, 26.<\/p>\n<p>&#8212;&#8212; \u2018Rijnwandeling\u2019, jaargang 23.1, 37-40.<\/p>\n<p><strong>Steures<\/strong>, D\u00e9, \u2018Na de studie\u2019, jaargang 15.3, 9-11.<\/p>\n<p>&#8212;&#8212;\u00a0\u2018Scripta tacent\u2019, jaargang 38.4, 41.<\/p>\n<p>&#8212;&#8212; \u2018Symposium\u2019, jaargang 4.5, 34-38.<\/p>\n<p><strong>Stevendaal<\/strong>, Esther van, en Bart van der Veer, \u2018Komedie\u00a0\u00a0\u00a0\u00a0\u00a0\u00a0\u00a0\u00a0\u00a0\u00a0\u00a0\u00a0 12.2\u2019, jaargang 16-17.<\/p>\n<p><strong>Stevens<\/strong>, Herman, \u2018Het hiernamaals\u2019, jaargang 10.4, 42-47.<\/p>\n<p>&#8212;&#8212; \u2018Mores Maiorum\u2019, jaargang 5.4, 18-21.<\/p>\n<p>&#8212;&#8212; &#8216;Terug naar de klassieken&#8217;, jaargang 40.1, 15-16.<\/p>\n<p>&#8212;&#8212;\u2018Wildgroei\u2026\u2019, jaargang 5.1, 43-44.<\/p>\n<p>&#8212;&#8212; \u2018Zeldzaam\u2019, jaargang 2.2, 26.<\/p>\n<p>&#8212;&#8212; \u2018Zeldzaam\u2019, jaargang 7.4, 26-27.<\/p>\n<p><strong>Stevens<\/strong>, Natalie, \u2018Naast de studie\u2019, jaargang 17.2, 29-31.<\/p>\n<p><strong>Stibbe<\/strong>, C.M., \u2018In den vreemde\u2019, jaargang 1.3, 22-23.<\/p>\n<p><strong>Stijnen<\/strong>, Anja, en Sander van der Waal, \u2018Interview [met prof. Sluiter]\u2019, jaargang 19.1, 16-25.<\/p>\n<p><strong>St\u00f6kl<\/strong>, Jonathan, \u2018For Strong as Death is Love\u2019, jaargang 43.1, 25-27.<\/p>\n<p><strong>Stol<\/strong>, Marten, \u2018Beronicus\u2019, jaargang 30.2, 7-11.<\/p>\n<p><strong>Stolwijk<\/strong>, Joris, \u2018Dispuut: M.F.\u2019, jaargang 18.4, 14-15.<\/p>\n<p>&#8212;&#8212; \u2018Het Voetbaltoernooi\u2019, jaargang 24.4, 29-32.<\/p>\n<p>&#8212;&#8212; \u2018Koppen snellen\u2019, jaargang 21.5, 3.<\/p>\n<p>&#8212;&#8212; \u2018Na het lezen van Horatius (&#8216;epode&#8217;)\u2019, jaargang 22.1, 47.<\/p>\n<p>&#8212;&#8212; \u2018Naast de studie\u2019, jaargang 16.3, 23-27.<\/p>\n<p>&#8212;&#8212; \u2018Voetballen\u2019, jaargang 21.2, 4.<\/p>\n<p>&#8212;&#8212; \u2018Voetballen (vervolg)\u2019, jaargang 21.3, 15.<\/p>\n<p>&#8212;&#8212; \u2018Waarheid en Leugen in de Griekse Tragedie\u2019, jaargang 25.4, 36-39.<\/p>\n<p>&#8212;&#8212; en Siward Tacoma, \u2018Interview met prof. dr. D. Th. Runia\u2019, jaargang 21.5, 34-40.<\/p>\n<p>&#8212;&#8212; \u2018M.F.\u2019, jaargang 19.4, 53-54.<\/p>\n<p><strong>Stork<\/strong>, Peter, \u2018Bibliografie C.M.J. Sicking\u2019, jaargang 20.2, 68-71.<\/p>\n<p>&#8212;&#8212; \u2018Leids Dagboek\u2019, jaargang 8.1, 5-12.<\/p>\n<p>&#8212;&#8212; \u2018Lieve Sicking\u2019, jaargang 20.2, 5-7.<\/p>\n<p>&#8212;&#8212; en Susannah Herman, \u2018Oden\u2019, jaargang 16.1, 74.<\/p>\n<p>&#8212;&#8212; \u2018Promotie\u2019, jaargang 12.2, 28-33.<\/p>\n<p>&#8212;&#8212; \u2018Proefschrift van dr. P. Stork\u2019, jaargang 2.4, 25-32.<\/p>\n<p>&#8212;&#8212;, Folkert van Straten en Johan Strubbe, \u2018Reactie\u2019, jaargang 7.5, 17-18.<\/p>\n<p>&#8212;&#8212; \u2018Reappraising Marlein\u2019, jaargang 38.4, 12-13.<\/p>\n<p>&#8212;&#8212; \u2018Te mijnent\u2019, jaargang 15.4, 154-167.<\/p>\n<p>&#8212;&#8212; \u2018Winnie-the-Pooh\u2019, jaargang 13.3, 17-20.<\/p>\n<p>&#8212;&#8212; \u2018Winnie-the-Pooh\u2019, jaargang 13.4, 37-40.<\/p>\n<p>&#8212;&#8212; \u2018Zuiver zakelijk\u2019, jaargang 8.4, 46-47.<\/p>\n<p><strong>Straten<\/strong>, Folkert van, \u2018Lezing 2\u2019, jaargang 11.3, 47-50.<\/p>\n<p>&#8212;&#8212; \u2018Ode\u2019, jaargang 16.2, 55.<\/p>\n<p>&#8212;&#8212;, Peter Stork en Johan Strubbe, \u2018Reactie\u2019, jaargang 7.5, 17-18.<\/p>\n<p>&#8212;&#8212; \u2018T\u00f2 pelargik\u00f2n ar\u00f2n \u00e1meinon\u2019, jaargang 25.3, 140-145.<\/p>\n<p><strong>Strubbe<\/strong>, Johan, \u2018Boekbespreking [van &#8216;The Trial of Socrates&#8217;]\u2019, jaargang 9.5, 26-32.<\/p>\n<p>&#8212;&#8212; \u2018In den vreemde; Naar de Atheense dreven\u2019, jaargang 3.2, 12-13.<\/p>\n<p>&#8212;&#8212; en H.F.J. Horstmanshoff, \u2018Persbericht\u2019, jaargang 15.5, 18.<\/p>\n<p>&#8212;&#8212; \u2018Proefschrift\u2019, jaargang 4.2, 39-42.<\/p>\n<p>&#8212;&#8212;, Peter Stork en Folkert van Straten, \u2018Reactie\u2019, jaargang 7.5, 17-18.<\/p>\n<p><strong>Sundholm<\/strong>, Caspar, en Lineke Brink, \u2018\u2026wie stout is de roe\u2019, jaargang 33.4, 24-27.<\/p>\n<p>&#8212;&#8212; \u2018Eerbetoon aan John Milton\u2019, jaargang 37.3, 24-27.<\/p>\n<p>&#8212;&#8212;\u00a0\u2018Ringcompositie\u2019, jaargang 38.4, 34-35.<\/p>\n<p style=\"text-align: center;\">&#8211; <a class=\"sidebarlink\" href=\"http:\/\/www.sophia-aeternaleiden.nl\/index-a\">a<\/a> &#8211; <a class=\"sidebarlink\" href=\"http:\/\/www.sophia-aeternaleiden.nl\/index-b\">b<\/a> &#8211; <a class=\"sidebarlink\" href=\"http:\/\/www.sophia-aeternaleiden.nl\/index-c\">c<\/a> &#8211; <a class=\"sidebarlink\" href=\"http:\/\/www.sophia-aeternaleiden.nl\/index-d\">d<\/a> &#8211; <a class=\"sidebarlink\" href=\"http:\/\/www.sophia-aeternaleiden.nl\/index-e\">e<\/a> &#8211; <a class=\"sidebarlink\" href=\"http:\/\/www.sophia-aeternaleiden.nl\/index-f\">f<\/a> &#8211; <a class=\"sidebarlink\" href=\"http:\/\/www.sophia-aeternaleiden.nl\/index-g\">g<\/a> &#8211; <a class=\"sidebarlink\" href=\"http:\/\/www.sophia-aeternaleiden.nl\/index-h\">h<\/a> &#8211; <a class=\"sidebarlink\" href=\"http:\/\/www.sophia-aeternaleiden.nl\/index-i\">i<\/a> &#8211; <a class=\"sidebarlink\" href=\"http:\/\/www.sophia-aeternaleiden.nl\/index-j\">j<\/a> &#8211;<br \/>\n&#8211; <a class=\"sidebarlink\" href=\"http:\/\/www.sophia-aeternaleiden.nl\/index-k\">k<\/a> &#8211; <a class=\"sidebarlink\" href=\"http:\/\/www.sophia-aeternaleiden.nl\/index-l\">l<\/a> &#8211; <a class=\"sidebarlink\" href=\"http:\/\/www.sophia-aeternaleiden.nl\/index-m\">m<\/a> &#8211; <a class=\"sidebarlink\" href=\"http:\/\/www.sophia-aeternaleiden.nl\/index-n\">n<\/a> &#8211; <a class=\"sidebarlink\" href=\"http:\/\/www.sophia-aeternaleiden.nl\/index-o\">o<\/a> &#8211; <a class=\"sidebarlink\" href=\"http:\/\/www.sophia-aeternaleiden.nl\/index-p\">p<\/a> &#8211; <a class=\"sidebarlink\" href=\"http:\/\/www.sophia-aeternaleiden.nl\/index-q\">q<\/a> &#8211; <a class=\"sidebarlink\" href=\"http:\/\/www.sophia-aeternaleiden.nl\/index-r\">r<\/a> &#8211; <a class=\"sidebarlink\" href=\"http:\/\/www.sophia-aeternaleiden.nl\/index-s\">s<\/a> &#8211;<br \/>\n&#8211; <a class=\"sidebarlink\" href=\"http:\/\/www.sophia-aeternaleiden.nl\/index-t\">t<\/a> &#8211; <a class=\"sidebarlink\" href=\"http:\/\/www.sophia-aeternaleiden.nl\/index-u\">u<\/a> &#8211; <a class=\"sidebarlink\" href=\"http:\/\/www.sophia-aeternaleiden.nl\/index-v\">v<\/a> &#8211; <a class=\"sidebarlink\" href=\"http:\/\/www.sophia-aeternaleiden.nl\/index-w\">w<\/a> &#8211; <a class=\"sidebarlink\" href=\"http:\/\/www.sophia-aeternaleiden.nl\/index-z\">x<\/a> &#8211; <a class=\"sidebarlink\" href=\"http:\/\/www.sophia-aeternaleiden.nl\/index-z\">y<\/a> &#8211; <a class=\"sidebarlink\" href=\"http:\/\/www.sophia-aeternaleiden.nl\/index-z\">z<\/a>\u00a0&#8211;<\/p>\n","protected":false},"excerpt":{"rendered":"<p>Index op auteur &#8211; a &#8211; b &#8211; c &#8211; d &#8211; e &#8211; f &#8211; g &#8211; h &#8211; i &#8211; j &#8211; &#8211; k &#8211; l &#8211; m &#8211; n &#8211; o &#8211; p &#8211; q &#8211; r &#8211; s &#8211; &#8211; t &#8211; u &#8211; v &#8211; w &#8211; x &#8211; y &hellip; <a href=\"https:\/\/www.sophia-aeternaleiden.nl\/en\/index-s\" class=\"more-link\">Continue reading <span class=\"screen-reader-text\">Index S<\/span> <span class=\"meta-nav\">&rarr;<\/span><\/a><\/p>","protected":false},"author":1,"featured_media":0,"parent":0,"menu_order":0,"comment_status":"closed","ping_status":"closed","template":"","meta":{"footnotes":""},"class_list":["post-1515","page","type-page","status-publish","hentry"],"_links":{"self":[{"href":"https:\/\/www.sophia-aeternaleiden.nl\/en\/wp-json\/wp\/v2\/pages\/1515","targetHints":{"allow":["GET"]}}],"collection":[{"href":"https:\/\/www.sophia-aeternaleiden.nl\/en\/wp-json\/wp\/v2\/pages"}],"about":[{"href":"https:\/\/www.sophia-aeternaleiden.nl\/en\/wp-json\/wp\/v2\/types\/page"}],"author":[{"embeddable":true,"href":"https:\/\/www.sophia-aeternaleiden.nl\/en\/wp-json\/wp\/v2\/users\/1"}],"replies":[{"embeddable":true,"href":"https:\/\/www.sophia-aeternaleiden.nl\/en\/wp-json\/wp\/v2\/comments?post=1515"}],"version-history":[{"count":5,"href":"https:\/\/www.sophia-aeternaleiden.nl\/en\/wp-json\/wp\/v2\/pages\/1515\/revisions"}],"predecessor-version":[{"id":3402,"href":"https:\/\/www.sophia-aeternaleiden.nl\/en\/wp-json\/wp\/v2\/pages\/1515\/revisions\/3402"}],"wp:attachment":[{"href":"https:\/\/www.sophia-aeternaleiden.nl\/en\/wp-json\/wp\/v2\/media?parent=1515"}],"curies":[{"name":"wp","href":"https:\/\/api.w.org\/{rel}","templated":true}]}}